{"id":645,"date":"2025-12-25T13:03:58","date_gmt":"2025-12-25T13:03:58","guid":{"rendered":"https:\/\/japonskysradosti.cz\/terms-and-conditions-and-gdpr\/"},"modified":"2025-12-30T18:35:25","modified_gmt":"2025-12-30T18:35:25","slug":"terms-and-conditions-and-gdpr","status":"publish","type":"page","link":"https:\/\/japonskysradosti.cz\/en\/terms-and-conditions-and-gdpr\/","title":{"rendered":"Terms and Conditions and GDPR"},"content":{"rendered":"\t\t<div data-elementor-type=\"wp-page\" data-elementor-id=\"645\" class=\"elementor elementor-645 elementor-354\">\n\t\t\t\t<div class=\"elementor-element elementor-element-2eb4d4b e-flex e-con-boxed e-con e-parent\" data-id=\"2eb4d4b\" data-element_type=\"container\">\n\t\t\t\t\t<div class=\"e-con-inner\">\n\t\t\t\t<div class=\"elementor-element elementor-element-b81e311 elementor-widget-mobile__width-initial elementor-widget elementor-widget-heading\" data-id=\"b81e311\" data-element_type=\"widget\" data-widget_type=\"heading.default\">\n\t\t\t\t\t<h2 class=\"elementor-heading-title elementor-size-default\">Terms and Conditions and GDPR<\/h2>\t\t\t\t<\/div>\n\t\t\t\t<div class=\"elementor-element elementor-element-53e2709 elementor-widget__width-initial elementor-widget elementor-widget-text-editor\" data-id=\"53e2709\" data-element_type=\"widget\" data-widget_type=\"text-editor.default\">\n\t\t\t\t\t\t\t\t\t<p style=\"font-weight: 400;\">Mgr. Julie Hony\u0161ov\u00e1 <\/p><p style=\"font-weight: 400;\">ID No.: 652392020<\/p><p style=\"font-weight: 400;\">Registered office: V h\u00e1ji 32\/1068, Prague 7, 170 00<\/p><p style=\"font-weight: 400;\">Registered in the Trade Register maintained by the Office of the Municipal District of Prague 7. I am not a VAT payer. <\/p><p style=\"font-weight: 400;\"> <\/p><p style=\"font-weight: 400;\"><strong>E-mail: julhonysova@volny.cz<\/strong><\/p><p style=\"font-weight: 400;\"><strong>Phone: +420 732 643 016<\/strong><\/p><p style=\"font-weight: 400;\"> <\/p><p style=\"font-weight: 400;\">The delivery address is the same as the registered office address. I am available at the e-mail address provided for general communication and for handling suggestions or complaints. <\/p><p style=\"font-weight: 400;\"> <\/p><p style=\"font-weight: 400;\"><strong>1.<\/strong><strong>\u2060<\/strong> <strong>\u2060<\/strong><strong>Introductory Provisions<\/strong><\/p><p style=\"font-weight: 400;\">1.1 These general terms and conditions (hereinafter referred to as the &#8220;Terms&#8221;) govern the rights and obligations between the service provider, Mgr. Julie Hony\u0161ov\u00e1, ID No.: 65239202, V h\u00e1ji 32\/1068, Prague 7, 170 00 (hereinafter referred to as the &#8220;Provider&#8221;), and clients using online or in-person Japanese lessons (hereinafter referred to as the &#8220;Client&#8221;). <\/p><p style=\"font-weight: 400;\">1.2 The Provider offers Japanese lessons in the form of individual lessons, either online via video calls or in the form of in-person meetings.<\/p><p style=\"font-weight: 400;\">1.3 These Terms are valid and effective as of [date to be added] and are binding on all Clients who sign up for lessons.<\/p><p><br><strong><span style=\"font-size: 16px;\">2. <\/span>Ordering and booking lessons<\/strong><\/p><p style=\"font-weight: 400;\">2.1 The Client may order lessons or courses via the web interface www.japonstinasradosti.cz, by phone, e-mail or other means as agreed with the Provider.<\/p><p style=\"font-weight: 400;\">2.2 Lesson bookings are valid only after confirmation by the Provider and after payment of the relevant amount.<\/p><p> <\/p><p style=\"font-weight: 400;\"><strong>3. Prices, invoicing and payment terms<\/strong><\/p><p style=\"font-weight: 400;\">3.1 Current prices for individual lessons and courses are listed on the website www.japonstinasradosti.cz. The Provider reserves the right to adjust prices at any time. Price changes do not apply to orders that have already been confirmed.  <\/p><p style=\"font-weight: 400;\">3.2 Invoicing \u2013 first month of cooperation:<\/p><p style=\"font-weight: 400;\">For the first month of lessons, an invoice is issued before the start of the joint lessons. Lessons begin only after payment of this first invoice. <\/p><p style=\"font-weight: 400;\">If the Client does not use all the hours paid for during the first month, or if lessons are postponed or cancelled by the Client, or if the parties do not agree on lesson dates, the unused lessons remain valid for the following two months.<\/p><p style=\"font-weight: 400;\">After this period, any remaining unused lessons will be forfeited without refund.<\/p><p style=\"font-weight: 400;\">3.3 Invoicing after the first month:<\/p><p style=\"font-weight: 400;\">From the second month of cooperation, lessons are invoiced retroactively according to the lessons actually attended.<\/p><p style=\"font-weight: 400;\">3.4 Payment must be made within the due date stated on the invoice. The Client may pay by bank transfer or other means agreed in advance with the Provider. <\/p><p style=\"font-weight: 400;\">3.5 In the event of non-payment of the lesson by the due date, the Provider reserves the right to cancel the booking.<\/p><p style=\"font-weight: 400;\"> <\/p><p style=\"font-weight: 400;\"><strong>4.<\/strong><strong>\u2060<\/strong> <strong>\u2060<\/strong><strong>Cancellation Policy and Lesson Changes<\/strong><\/p><p style=\"font-weight: 400;\">4.1 The Client may cancel an individual lesson no later than 24 hours before its start without a cancellation fee. If the lesson is cancelled less than 24 hours in advance, it will be charged in full unless the Provider and the Client agree otherwise. Exceptions may only be granted in exceptional and unforeseeable situations, such as sudden illness of the Client or his\/her child.  <\/p><p style=\"font-weight: 400;\">4.2 If the Client is unable to join the lesson on time or come to the in-person lesson, he\/she is obliged to inform the Provider in advance.<\/p><p style=\"font-weight: 400;\">In such a case, the duration of the lesson will be shortened by the time the Client missed.<\/p><p style=\"font-weight: 400;\">If the Client does not join within 15 minutes of the start of the lesson and has not informed of his\/her absence in advance, the lesson is considered cancelled less than 24 hours in advance and will be charged in full.<\/p><p style=\"font-weight: 400;\">4.3 The Provider reserves the right to change the dates of lessons or courses in the event of unforeseen circumstances. The Client will be informed of the change as soon as possible and offered the possibility of a replacement date or a refund. <\/p><p style=\"font-weight: 400;\"> <\/p><p style=\"font-weight: 400;\"> <strong>5.<\/strong><strong>\u2060<\/strong> <strong>\u2060<\/strong><strong>Rights and Obligations of the Client<\/strong><\/p><p style=\"font-weight: 400;\">5.1 The Client is obliged to prepare for the lesson and join the online lesson \/ arrive at the in-person lesson on time.<\/p><p style=\"font-weight: 400;\">5.2 The Client shall ensure his\/her own technical equipment and internet connection necessary to participate in the online lesson. The Provider is not responsible for technical problems on the Client&#8217;s side (e.g. non-functional camera, microphone, weak connection, etc.). <\/p><p style=\"font-weight: 400;\">5.3 The Client may not record, share or otherwise provide lessons to third parties without the prior written consent of the Provider.<\/p><p style=\"font-weight: 400;\"> <\/p><p style=\"font-weight: 400;\"><strong>6.<\/strong><strong>\u2060<\/strong> <strong>\u2060<\/strong><strong>Rights and Obligations of the Provider<\/strong><\/p><p style=\"font-weight: 400;\">6.1 The Provider undertakes to provide expert guidance in the teaching of Japanese, in accordance with the agreed plan, goals and level of the Client.<\/p><p style=\"font-weight: 400;\">6.2 The Provider is not responsible for the Client&#8217;s lack of progress, unless it is caused by a breach of the Provider&#8217;s obligations. The results of the study depend primarily on regular attendance, homework and active involvement of the Client. <\/p><p> <\/p><p style=\"font-weight: 400;\"><strong>7.<\/strong><strong>\u2060<\/strong> <strong>\u2060<\/strong><strong>Personal Data Protection (GDPR)<\/strong><\/p><p style=\"font-weight: 400;\">7.1 The controller of personal data is Mgr. Julie Hony\u0161ov\u00e1, ID No.: 65239202, V h\u00e1ji 32\/1068, Prague 7, 170 00, e-mail: <a href=\"mailto:julhonysova@volny.cz\">julhonysova@volny.cz<\/a> (hereinafter referred to as the &#8220;Controller&#8221;). <\/p><p style=\"font-weight: 400;\">7.2 The Controller processes personal data in accordance with the General Data Protection Regulation (GDPR) and takes appropriate technical and organizational measures to secure it.<\/p><p style=\"font-weight: 400;\">7.3 Clients&#8217; personal data are processed for the purposes of providing Japanese lessons, keeping records of lessons, invoicing, accounting and fulfilling legal obligations. Where necessary, data may be transferred to third parties, in particular IT service providers or accountants, always only to the extent necessary for the provision of these services. <\/p><p style=\"font-weight: 400;\"> <\/p>\t\t\t\t\t\t\t\t<\/div>\n\t\t\t\t\t<\/div>\n\t\t\t\t<\/div>\n\t\t\t\t<\/div>\n\t\t","protected":false},"excerpt":{"rendered":"<p>Terms and Conditions and GDPR Mgr. Julie Hony\u0161ov\u00e1 ID No.: 652392020 Registered office: V h\u00e1ji 32\/1068, Prague 7, 170 00 [&hellip;]<\/p>\n","protected":false},"author":1,"featured_media":0,"parent":0,"menu_order":0,"comment_status":"closed","ping_status":"closed","template":"","meta":{"site-sidebar-layout":"no-sidebar","site-content-layout":"","ast-site-content-layout":"full-width-container","site-content-style":"default","site-sidebar-style":"default","ast-global-header-display":"","ast-banner-title-visibility":"","ast-main-header-display":"","ast-hfb-above-header-display":"","ast-hfb-below-header-display":"","ast-hfb-mobile-header-display":"","site-post-title":"","ast-breadcrumbs-content":"","ast-featured-img":"disabled","footer-sml-layout":"","ast-disable-related-posts":"","theme-transparent-header-meta":"","adv-header-id-meta":"","stick-header-meta":"","header-above-stick-meta":"","header-main-stick-meta":"","header-below-stick-meta":"","astra-migrate-meta-layouts":"default","ast-page-background-enabled":"default","ast-page-background-meta":{"desktop":{"background-color":"var(--ast-global-color-5)","background-image":"","background-repeat":"repeat","background-position":"center center","background-size":"auto","background-attachment":"scroll","background-type":"","background-media":"","overlay-type":"","overlay-color":"","overlay-opacity":"","overlay-gradient":""},"tablet":{"background-color":"","background-image":"","background-repeat":"repeat","background-position":"center center","background-size":"auto","background-attachment":"scroll","background-type":"","background-media":"","overlay-type":"","overlay-color":"","overlay-opacity":"","overlay-gradient":""},"mobile":{"background-color":"","background-image":"","background-repeat":"repeat","background-position":"center center","background-size":"auto","background-attachment":"scroll","background-type":"","background-media":"","overlay-type":"","overlay-color":"","overlay-opacity":"","overlay-gradient":""}},"ast-content-background-meta":{"desktop":{"background-color":"var(--ast-global-color-4)","background-image":"","background-repeat":"repeat","background-position":"center center","background-size":"auto","background-attachment":"scroll","background-type":"","background-media":"","overlay-type":"","overlay-color":"","overlay-opacity":"","overlay-gradient":""},"tablet":{"background-color":"var(--ast-global-color-4)","background-image":"","background-repeat":"repeat","background-position":"center center","background-size":"auto","background-attachment":"scroll","background-type":"","background-media":"","overlay-type":"","overlay-color":"","overlay-opacity":"","overlay-gradient":""},"mobile":{"background-color":"var(--ast-global-color-4)","background-image":"","background-repeat":"repeat","background-position":"center center","background-size":"auto","background-attachment":"scroll","background-type":"","background-media":"","overlay-type":"","overlay-color":"","overlay-opacity":"","overlay-gradient":""}},"footnotes":""},"class_list":["post-645","page","type-page","status-publish","hentry"],"yoast_head":"<!-- This site is optimized with the Yoast SEO plugin v26.6 - https:\/\/yoast.com\/wordpress\/plugins\/seo\/ -->\n<title>Terms and Conditions and GDPR - Japanese with joy<\/title>\n<meta name=\"robots\" content=\"index, follow, max-snippet:-1, max-image-preview:large, max-video-preview:-1\" \/>\n<link rel=\"canonical\" href=\"https:\/\/japonskysradosti.cz\/en\/terms-and-conditions-and-gdpr\/\" \/>\n<meta property=\"og:locale\" content=\"en_US\" \/>\n<meta property=\"og:type\" content=\"article\" \/>\n<meta property=\"og:title\" content=\"Terms and Conditions and GDPR - Japanese with joy\" \/>\n<meta property=\"og:description\" content=\"Terms and Conditions and GDPR Mgr. Julie Hony\u0161ov\u00e1 ID No.: 652392020 Registered office: V h\u00e1ji 32\/1068, Prague 7, 170 00 [&hellip;]\" \/>\n<meta property=\"og:url\" content=\"https:\/\/japonskysradosti.cz\/en\/terms-and-conditions-and-gdpr\/\" \/>\n<meta property=\"og:site_name\" content=\"Japanese with joy\" \/>\n<meta property=\"article:publisher\" content=\"https:\/\/www.facebook.com\/julie.honysova\/?locale=cs_CZ\" \/>\n<meta property=\"article:modified_time\" content=\"2025-12-30T18:35:25+00:00\" \/>\n<meta name=\"twitter:card\" content=\"summary_large_image\" \/>\n<meta name=\"twitter:label1\" content=\"Est. reading time\" \/>\n\t<meta name=\"twitter:data1\" content=\"4 minutes\" \/>\n<script type=\"application\/ld+json\" class=\"yoast-schema-graph\">{\"@context\":\"https:\/\/schema.org\",\"@graph\":[{\"@type\":\"WebPage\",\"@id\":\"https:\/\/japonskysradosti.cz\/en\/terms-and-conditions-and-gdpr\/\",\"url\":\"https:\/\/japonskysradosti.cz\/en\/terms-and-conditions-and-gdpr\/\",\"name\":\"Terms and Conditions and GDPR - Japanese with joy\",\"isPartOf\":{\"@id\":\"https:\/\/japonskysradosti.cz\/en\/#website\"},\"datePublished\":\"2025-12-25T13:03:58+00:00\",\"dateModified\":\"2025-12-30T18:35:25+00:00\",\"breadcrumb\":{\"@id\":\"https:\/\/japonskysradosti.cz\/en\/terms-and-conditions-and-gdpr\/#breadcrumb\"},\"inLanguage\":\"en-US\",\"potentialAction\":[{\"@type\":\"ReadAction\",\"target\":[\"https:\/\/japonskysradosti.cz\/en\/terms-and-conditions-and-gdpr\/\"]}]},{\"@type\":\"BreadcrumbList\",\"@id\":\"https:\/\/japonskysradosti.cz\/en\/terms-and-conditions-and-gdpr\/#breadcrumb\",\"itemListElement\":[{\"@type\":\"ListItem\",\"position\":1,\"name\":\"Dom\u016f\",\"item\":\"https:\/\/japonskysradosti.cz\/en\/japanese-lessons-julie-honysova\/\"},{\"@type\":\"ListItem\",\"position\":2,\"name\":\"Terms and Conditions and GDPR\"}]},{\"@type\":\"WebSite\",\"@id\":\"https:\/\/japonskysradosti.cz\/en\/#website\",\"url\":\"https:\/\/japonskysradosti.cz\/en\/\",\"name\":\"V\u00fduka Japonsky | Japonsky s radost\u00ed\",\"description\":\"Learn Japanese online &amp; in person\",\"publisher\":{\"@id\":\"https:\/\/japonskysradosti.cz\/en\/#organization\"},\"potentialAction\":[{\"@type\":\"SearchAction\",\"target\":{\"@type\":\"EntryPoint\",\"urlTemplate\":\"https:\/\/japonskysradosti.cz\/en\/?s={search_term_string}\"},\"query-input\":{\"@type\":\"PropertyValueSpecification\",\"valueRequired\":true,\"valueName\":\"search_term_string\"}}],\"inLanguage\":\"en-US\"},{\"@type\":\"Organization\",\"@id\":\"https:\/\/japonskysradosti.cz\/en\/#organization\",\"name\":\"Julie Hony\u0161ov\u00e1\",\"url\":\"https:\/\/japonskysradosti.cz\/en\/\",\"logo\":{\"@type\":\"ImageObject\",\"inLanguage\":\"en-US\",\"@id\":\"https:\/\/japonskysradosti.cz\/en\/#\/schema\/logo\/image\/\",\"url\":\"https:\/\/japonskysradosti.cz\/wp-content\/uploads\/2026\/01\/JJ.png\",\"contentUrl\":\"https:\/\/japonskysradosti.cz\/wp-content\/uploads\/2026\/01\/JJ.png\",\"width\":1640,\"height\":924,\"caption\":\"Julie Hony\u0161ov\u00e1\"},\"image\":{\"@id\":\"https:\/\/japonskysradosti.cz\/en\/#\/schema\/logo\/image\/\"},\"sameAs\":[\"https:\/\/www.facebook.com\/julie.honysova\/?locale=cs_CZ\"]}]}<\/script>\n<!-- \/ Yoast SEO plugin. -->","yoast_head_json":{"title":"Terms and Conditions and GDPR - Japanese with joy","robots":{"index":"index","follow":"follow","max-snippet":"max-snippet:-1","max-image-preview":"max-image-preview:large","max-video-preview":"max-video-preview:-1"},"canonical":"https:\/\/japonskysradosti.cz\/en\/terms-and-conditions-and-gdpr\/","og_locale":"en_US","og_type":"article","og_title":"Terms and Conditions and GDPR - Japanese with joy","og_description":"Terms and Conditions and GDPR Mgr. Julie Hony\u0161ov\u00e1 ID No.: 652392020 Registered office: V h\u00e1ji 32\/1068, Prague 7, 170 00 [&hellip;]","og_url":"https:\/\/japonskysradosti.cz\/en\/terms-and-conditions-and-gdpr\/","og_site_name":"Japanese with joy","article_publisher":"https:\/\/www.facebook.com\/julie.honysova\/?locale=cs_CZ","article_modified_time":"2025-12-30T18:35:25+00:00","twitter_card":"summary_large_image","twitter_misc":{"Est. reading time":"4 minutes"},"schema":{"@context":"https:\/\/schema.org","@graph":[{"@type":"WebPage","@id":"https:\/\/japonskysradosti.cz\/en\/terms-and-conditions-and-gdpr\/","url":"https:\/\/japonskysradosti.cz\/en\/terms-and-conditions-and-gdpr\/","name":"Terms and Conditions and GDPR - Japanese with joy","isPartOf":{"@id":"https:\/\/japonskysradosti.cz\/en\/#website"},"datePublished":"2025-12-25T13:03:58+00:00","dateModified":"2025-12-30T18:35:25+00:00","breadcrumb":{"@id":"https:\/\/japonskysradosti.cz\/en\/terms-and-conditions-and-gdpr\/#breadcrumb"},"inLanguage":"en-US","potentialAction":[{"@type":"ReadAction","target":["https:\/\/japonskysradosti.cz\/en\/terms-and-conditions-and-gdpr\/"]}]},{"@type":"BreadcrumbList","@id":"https:\/\/japonskysradosti.cz\/en\/terms-and-conditions-and-gdpr\/#breadcrumb","itemListElement":[{"@type":"ListItem","position":1,"name":"Dom\u016f","item":"https:\/\/japonskysradosti.cz\/en\/japanese-lessons-julie-honysova\/"},{"@type":"ListItem","position":2,"name":"Terms and Conditions and GDPR"}]},{"@type":"WebSite","@id":"https:\/\/japonskysradosti.cz\/en\/#website","url":"https:\/\/japonskysradosti.cz\/en\/","name":"V\u00fduka Japonsky | Japonsky s radost\u00ed","description":"Learn Japanese online &amp; in person","publisher":{"@id":"https:\/\/japonskysradosti.cz\/en\/#organization"},"potentialAction":[{"@type":"SearchAction","target":{"@type":"EntryPoint","urlTemplate":"https:\/\/japonskysradosti.cz\/en\/?s={search_term_string}"},"query-input":{"@type":"PropertyValueSpecification","valueRequired":true,"valueName":"search_term_string"}}],"inLanguage":"en-US"},{"@type":"Organization","@id":"https:\/\/japonskysradosti.cz\/en\/#organization","name":"Julie Hony\u0161ov\u00e1","url":"https:\/\/japonskysradosti.cz\/en\/","logo":{"@type":"ImageObject","inLanguage":"en-US","@id":"https:\/\/japonskysradosti.cz\/en\/#\/schema\/logo\/image\/","url":"https:\/\/japonskysradosti.cz\/wp-content\/uploads\/2026\/01\/JJ.png","contentUrl":"https:\/\/japonskysradosti.cz\/wp-content\/uploads\/2026\/01\/JJ.png","width":1640,"height":924,"caption":"Julie Hony\u0161ov\u00e1"},"image":{"@id":"https:\/\/japonskysradosti.cz\/en\/#\/schema\/logo\/image\/"},"sameAs":["https:\/\/www.facebook.com\/julie.honysova\/?locale=cs_CZ"]}]}},"_links":{"self":[{"href":"https:\/\/japonskysradosti.cz\/en\/wp-json\/wp\/v2\/pages\/645","targetHints":{"allow":["GET"]}}],"collection":[{"href":"https:\/\/japonskysradosti.cz\/en\/wp-json\/wp\/v2\/pages"}],"about":[{"href":"https:\/\/japonskysradosti.cz\/en\/wp-json\/wp\/v2\/types\/page"}],"author":[{"embeddable":true,"href":"https:\/\/japonskysradosti.cz\/en\/wp-json\/wp\/v2\/users\/1"}],"replies":[{"embeddable":true,"href":"https:\/\/japonskysradosti.cz\/en\/wp-json\/wp\/v2\/comments?post=645"}],"version-history":[{"count":1,"href":"https:\/\/japonskysradosti.cz\/en\/wp-json\/wp\/v2\/pages\/645\/revisions"}],"predecessor-version":[{"id":647,"href":"https:\/\/japonskysradosti.cz\/en\/wp-json\/wp\/v2\/pages\/645\/revisions\/647"}],"wp:attachment":[{"href":"https:\/\/japonskysradosti.cz\/en\/wp-json\/wp\/v2\/media?parent=645"}],"curies":[{"name":"wp","href":"https:\/\/api.w.org\/{rel}","templated":true}]}}